{"id":8,"date":"2023-11-07T19:34:49","date_gmt":"2023-11-07T18:34:49","guid":{"rendered":"https:\/\/sil-lab.com\/site\/?page_id=8"},"modified":"2024-10-09T07:53:10","modified_gmt":"2024-10-09T05:53:10","slug":"chi-siamo","status":"publish","type":"page","link":"https:\/\/sil-lab.com\/site\/chi-siamo\/","title":{"rendered":"Chi siamo"},"content":{"rendered":"\n<div class=\"wp-block-cover alignfull is-light\" style=\"min-height:297px;aspect-ratio:unset;\"><span aria-hidden=\"true\" class=\"wp-block-cover__background has-nv-site-bg-background-color has-background-dim-100 has-background-dim\"><\/span><div class=\"wp-block-cover__inner-container is-layout-flow wp-block-cover-is-layout-flow\">\n<div class=\"wp-block-group\"><div class=\"wp-block-group__inner-container is-layout-flow wp-block-group-is-layout-flow\">\n<h1 class=\"wp-block-heading has-text-align-left has-neve-text-color-color has-text-color\">Chi siamo<\/h1>\n<\/div><\/div>\n<\/div><\/div>\n\n\n\n<div class=\"wp-block-cover alignfull\" style=\"min-height:100vh;aspect-ratio:unset;\"><span aria-hidden=\"true\" class=\"wp-block-cover__background has-nv-site-bg-background-color has-background-dim-100 has-background-dim\"><\/span><div class=\"wp-block-cover__inner-container is-layout-flow wp-block-cover-is-layout-flow\">\n<div class=\"wp-block-group\"><div class=\"wp-block-group__inner-container is-layout-flow wp-block-group-is-layout-flow\">\n<div class=\"wp-block-columns is-layout-flex wp-container-core-columns-is-layout-9d6595d7 wp-block-columns-is-layout-flex\">\n<div class=\"wp-block-column is-layout-flow wp-block-column-is-layout-flow\">\n<div class=\"wp-block-group\"><div class=\"wp-block-group__inner-container is-layout-flow wp-block-group-is-layout-flow\">\n<div class=\"wp-block-group\"><div class=\"wp-block-group__inner-container is-layout-flow wp-block-group-is-layout-flow\">\n<div style=\"height:0px\" aria-hidden=\"true\" class=\"wp-block-spacer\"><\/div>\n\n\n\n<div class=\"wp-block-columns are-vertically-aligned-center is-layout-flex wp-container-core-columns-is-layout-9d6595d7 wp-block-columns-is-layout-flex\">\n<div class=\"wp-block-column is-vertically-aligned-center is-layout-flow wp-block-column-is-layout-flow\" style=\"flex-basis:50%\">\n<figure class=\"wp-block-image size-full is-resized size-large\"><img loading=\"lazy\" decoding=\"async\" width=\"349\" height=\"249\" src=\"https:\/\/sil-lab.com\/site\/wp-content\/uploads\/2023\/11\/nr03big.jpg\" alt=\"\" class=\"wp-image-75\" style=\"aspect-ratio:1;object-fit:cover;width:531px;height:auto\" srcset=\"https:\/\/sil-lab.com\/site\/wp-content\/uploads\/2023\/11\/nr03big.jpg 349w, https:\/\/sil-lab.com\/site\/wp-content\/uploads\/2023\/11\/nr03big-300x214.jpg 300w\" sizes=\"auto, (max-width: 349px) 100vw, 349px\" \/><\/figure>\n<\/div>\n\n\n\n<div class=\"wp-block-column is-vertically-aligned-center is-layout-flow wp-block-column-is-layout-flow\" style=\"flex-basis:50%\">\n<h2 class=\"wp-block-heading has-neve-text-color-color has-text-color\">La nostra storia<\/h2>\n\n\n\n<p class=\"has-neve-text-color-color has-text-color has-link-color wp-elements-9cfe2e740a1e625a5c158e38dd349a62\">SIL-LAB \u00e8 un laboratorio di ricerca e sviluppo nel quale professionisti in discipline informatiche, ricercatori in scienze sociologiche, rappresentanti di istituti di ricerca privati e universitari italiani, ricercatori nel campo della visione artificiale uniscono le proprie competenze per trovare soluzioni semplici a problemi complessi e interdisciplinari<\/p>\n\n\n\n<p class=\"has-neve-text-color-color has-text-color has-link-color wp-elements-a4e15a66d82d21d110ef3b925e99476a\">SIL-LAB nasce a Bergamo nel luglio 2003 dalla consapevolezza che le rigide regole di riservatezza e confidenzialit\u00e0 aziendali ostacolano la comunicazione scientifica e i flussi informativi, rendendo difficoltoso lo scambio delle esperienze e la ricerca di semplici soluzioni, elevando nel contempo i costi di investimento.<\/p>\n\n\n\n<p class=\"has-neve-text-color-color has-text-color has-link-color wp-elements-9efc95f702ca6d046016819fce27cb1c\">SIL-LAB non si limita a favorire lo scambio informativo, ma attraverso i propri progetti si pone l&#8217;obiettivo di trasferire la conoscenza e la sperimentazione tecnologica in ambito industriale, formativo e sociale.<\/p>\n<\/div>\n<\/div>\n\n\n\n<div style=\"height:40px\" aria-hidden=\"true\" class=\"wp-block-spacer\"><\/div>\n\n\n\n<div class=\"wp-block-columns is-layout-flex wp-container-core-columns-is-layout-9d6595d7 wp-block-columns-is-layout-flex\">\n<div class=\"wp-block-column is-layout-flow wp-block-column-is-layout-flow\">\n<div class=\"wp-block-columns is-layout-flex wp-container-core-columns-is-layout-9d6595d7 wp-block-columns-is-layout-flex\">\n<div class=\"wp-block-column is-layout-flow wp-block-column-is-layout-flow\"><div class=\"wp-block-image\">\n<figure class=\"aligncenter size-full is-resized\"><img loading=\"lazy\" decoding=\"async\" width=\"390\" height=\"358\" src=\"https:\/\/sil-lab.com\/site\/wp-content\/uploads\/2024\/10\/SL_01.png\" alt=\"\" class=\"wp-image-323\" style=\"width:198px;height:auto\" srcset=\"https:\/\/sil-lab.com\/site\/wp-content\/uploads\/2024\/10\/SL_01.png 390w, https:\/\/sil-lab.com\/site\/wp-content\/uploads\/2024\/10\/SL_01-300x275.png 300w\" sizes=\"auto, (max-width: 390px) 100vw, 390px\" \/><\/figure>\n<\/div><\/div>\n\n\n\n<div class=\"wp-block-column is-layout-flow wp-block-column-is-layout-flow\">\n<p><\/p>\n\n\n\n<p class=\"has-neve-text-color-color has-text-color has-link-color wp-elements-d95c16e54930f0cf8582f783711b2391\"><strong>Ha fondato SIL-LAB: <\/strong>Stefano Locatelli, laureato in Scienze dell&#8217;Informazione alla Statale di Milano, \u00e8 consulente da 26 anni per problemi inerenti la visione artificiale e i sistemi informativi territoriali. Convinto sostenitore dell&#8217;importanza dell&#8217;informazione distribuita e condivisa<\/p>\n<\/div>\n<\/div>\n<\/div>\n<\/div>\n\n\n\n<div class=\"wp-block-group\"><div class=\"wp-block-group__inner-container is-layout-constrained wp-block-group-is-layout-constrained\">\n<div class=\"wp-block-columns is-layout-flex wp-container-core-columns-is-layout-9d6595d7 wp-block-columns-is-layout-flex\">\n<div class=\"wp-block-column is-layout-flow wp-block-column-is-layout-flow\"><div class=\"wp-block-image\">\n<figure class=\"aligncenter size-full is-resized\"><img loading=\"lazy\" decoding=\"async\" width=\"441\" height=\"456\" src=\"https:\/\/sil-lab.com\/site\/wp-content\/uploads\/2024\/10\/PF_01.png\" alt=\"\" class=\"wp-image-322\" style=\"width:199px;height:auto\" srcset=\"https:\/\/sil-lab.com\/site\/wp-content\/uploads\/2024\/10\/PF_01.png 441w, https:\/\/sil-lab.com\/site\/wp-content\/uploads\/2024\/10\/PF_01-290x300.png 290w\" sizes=\"auto, (max-width: 441px) 100vw, 441px\" \/><figcaption class=\"wp-element-caption\">Attachment Caption<\/figcaption><\/figure>\n<\/div><\/div>\n\n\n\n<div class=\"wp-block-column is-layout-flow wp-block-column-is-layout-flow\">\n<p><\/p>\n\n\n\n<p class=\"has-neve-text-color-color has-text-color has-link-color wp-elements-eb113b39d2450c2f5295d8ab465c4403\"><strong>Partecipa in SIL-LAB: <\/strong>diplomato in Informatica dal 1983 \u00e8 attivo nell&#8217;ambito della programmazione open source nell&#8217;area gestionale da 25 anni e distributore italiano del software winrar (www.oone.net)<\/p>\n<\/div>\n<\/div>\n<\/div><\/div>\n\n\n\n<div class=\"wp-block-group\"><div class=\"wp-block-group__inner-container is-layout-constrained wp-block-group-is-layout-constrained\">\n<div class=\"wp-block-columns is-layout-flex wp-container-core-columns-is-layout-9d6595d7 wp-block-columns-is-layout-flex\">\n<div class=\"wp-block-column is-layout-flow wp-block-column-is-layout-flow\"><div class=\"wp-block-image\">\n<figure class=\"aligncenter size-full is-resized\"><img loading=\"lazy\" decoding=\"async\" width=\"273\" height=\"362\" src=\"https:\/\/sil-lab.com\/site\/wp-content\/uploads\/2024\/10\/AG_01.jpg\" alt=\"\" class=\"wp-image-320\" style=\"width:185px;height:auto\" srcset=\"https:\/\/sil-lab.com\/site\/wp-content\/uploads\/2024\/10\/AG_01.jpg 273w, https:\/\/sil-lab.com\/site\/wp-content\/uploads\/2024\/10\/AG_01-226x300.jpg 226w\" sizes=\"auto, (max-width: 273px) 100vw, 273px\" \/><figcaption class=\"wp-element-caption\">Attachment Caption<\/figcaption><\/figure>\n<\/div><\/div>\n\n\n\n<div class=\"wp-block-column is-layout-flow wp-block-column-is-layout-flow\">\n<p><\/p>\n\n\n\n<p class=\"has-neve-text-color-color has-text-color has-link-color wp-elements-e60528d0ec15a00a1995b7f8b03e2048\"><strong><strong>Collabora con SIL-LAB<\/strong>: Andrea Gualtieri<\/strong>, laureato in ingegneria meccanica al Politecnico di Milano. Ha esperienza decennale in progetti di prototipazione di apparecchi in ambito medicale e competenze in analisi dei segnali e numerica<\/p>\n<\/div>\n<\/div>\n<\/div><\/div>\n\n\n\n<p class=\"has-nv-dark-bg-color has-text-color has-link-color wp-elements-0bf9ba83d42b20ec200ae9a78600a6b2\"><strong>E inoltre collaborano o hanno collaborato con SIL-LAB: <\/strong><\/p>\n\n\n\n<p class=\"has-nv-dark-bg-color has-text-color has-link-color wp-elements-099774b224671a6dbd55d3d2d857c294\"><strong>Mirko Marzadro<\/strong>, ricercatore presso la Cattedra UNESCO SSIIM \u201cSocial and Spatial Inclusion of International Migrants. Urban Policies and Practice\u201d dell\u2019Universit\u00e0 Iuav di Venezia, ha partecipato alla definizione del progetto ISF SIL-LAB Bolivia e si occupa del monitoraggio e valutazione dello stesso<\/p>\n\n\n\n<p class=\"has-nv-dark-bg-color has-text-color has-link-color wp-elements-58fbb8ad260078b91ae9d53f94b0f481\"><strong>German Vallejos<\/strong>, laureato in ingegneria informatica alla Universit\u00e0 di Santiago del Cile \u00e8 esperto nella programmazione Open Source e si \u00e8 impegnato nella realizzazione di un laboratorio di sviluppo software nella citt\u00e0 di Cochabamba (Bolivia) nell&#8217;ambito del progetto ISF SIL-LAB Bolivia<\/p>\n<\/div><\/div>\n<\/div><\/div>\n<\/div>\n<\/div>\n<\/div><\/div>\n\n\n\n<div style=\"height:30px\" aria-hidden=\"true\" class=\"wp-block-spacer\"><\/div>\n\n\n\n<div class=\"wp-block-columns is-layout-flex wp-container-core-columns-is-layout-9d6595d7 wp-block-columns-is-layout-flex\">\n<div class=\"wp-block-column is-layout-flow wp-block-column-is-layout-flow\"><div class=\"wp-block-image is-resized icon-style is-style-default\">\n<figure class=\"aligncenter\"><img decoding=\"async\" src=\"https:\/\/sil-lab.com\/site\/wp-content\/themes\/neve\/assets\/img\/starter-content\/icon-03.svg\" alt=\"\"\/><\/figure>\n<\/div>\n\n\n<div style=\"height:20px\" aria-hidden=\"true\" class=\"wp-block-spacer\"><\/div>\n\n\n\n<h3 class=\"wp-block-heading has-text-align-center has-neve-text-color-color has-text-color\">Progetti in-sourcing<\/h3>\n\n\n\n<p class=\"has-text-align-center has-nv-dark-bg-color has-text-color has-link-color wp-elements-c554880ea86280e4b46d7d40adc6774f\">Progetti il cui fine \u00e8 il trasferimento di competenze inerenti la computer vision in ambiti di automazione industriale ma non solo.<\/p>\n\n\n\n<div style=\"height:20px\" aria-hidden=\"true\" class=\"wp-block-spacer\"><\/div>\n\n\n\n<div class=\"wp-block-buttons is-content-justification-center is-layout-flex wp-container-core-buttons-is-layout-8057eaf3 wp-block-buttons-is-layout-flex\">\n<div class=\"wp-block-button is-style-primary\"><a class=\"wp-block-button__link wp-element-button\" href=\"https:\/\/sil-lab.com\/site\/progetti-in-sourcing\/\">APPROFONDISCI<\/a><\/div>\n<\/div>\n<\/div>\n\n\n\n<div class=\"wp-block-column is-layout-flow wp-block-column-is-layout-flow\"><div class=\"wp-block-image is-resized icon-style is-style-default\">\n<figure class=\"aligncenter\"><img decoding=\"async\" src=\"https:\/\/sil-lab.com\/site\/wp-content\/themes\/neve\/assets\/img\/starter-content\/icon-02.svg\" alt=\"\"\/><\/figure>\n<\/div>\n\n\n<div style=\"height:20px\" aria-hidden=\"true\" class=\"wp-block-spacer\"><\/div>\n\n\n\n<h3 class=\"wp-block-heading has-text-align-center has-neve-text-color-color has-text-color\">Progetti sperimentali<\/h3>\n\n\n\n<p class=\"has-text-align-center has-neve-text-color-color has-text-color has-link-color wp-elements-dcfb23ceb7c51e3ad94027b8f43084a9\">Progetti volti ad esplorare nuove soluzioni a problemi complessi con l&#8217;utilizzo di tecniche di machine learning e AI.<\/p>\n\n\n\n<div style=\"height:20px\" aria-hidden=\"true\" class=\"wp-block-spacer\"><\/div>\n\n\n\n<div class=\"wp-block-buttons is-content-justification-center is-layout-flex wp-container-core-buttons-is-layout-8057eaf3 wp-block-buttons-is-layout-flex\">\n<div class=\"wp-block-button is-style-primary\"><a class=\"wp-block-button__link wp-element-button\" href=\"https:\/\/sil-lab.com\/site\/progetti-sperimentali\/\">APPROFONDISCI<\/a><\/div>\n<\/div>\n<\/div>\n\n\n\n<div class=\"wp-block-column is-layout-flow wp-block-column-is-layout-flow\"><div class=\"wp-block-image is-resized icon-style is-style-rounded\">\n<figure class=\"aligncenter\"><img decoding=\"async\" src=\"https:\/\/sil-lab.com\/site\/wp-content\/themes\/neve\/assets\/img\/starter-content\/icon-01.svg\" alt=\"\"\/><\/figure>\n<\/div>\n\n\n<div style=\"height:20px\" aria-hidden=\"true\" class=\"wp-block-spacer\"><\/div>\n\n\n\n<h3 class=\"wp-block-heading has-text-align-center has-neve-text-color-color has-text-color\">Education accademy<\/h3>\n\n\n\n<p class=\"has-text-align-center has-neve-text-color-color has-text-color has-link-color wp-elements-eed7a851d6616c13397f6f3bee5e290d\">Moduli formativi realizzati per il trasferimento di competenze tecnologiche nei corsi degli Istituti Tecnici Superiori (ISF)<\/p>\n\n\n\n<div style=\"height:20px\" aria-hidden=\"true\" class=\"wp-block-spacer\"><\/div>\n\n\n\n<div class=\"wp-block-buttons is-content-justification-center is-layout-flex wp-container-core-buttons-is-layout-14c487f4 wp-block-buttons-is-layout-flex\">\n<div class=\"wp-block-button is-style-primary\"><a class=\"wp-block-button__link wp-element-button\" href=\"https:\/\/sil-lab.com\/site\/education-accademy\/\">APPROFONDISCI<\/a><\/div>\n<\/div>\n<\/div>\n<\/div>\n<\/div><\/div>\n\n\n\n<div class=\"wp-block-cover alignfull has-nv-site-bg-color has-text-color has-link-color wp-elements-01e044ded49860270e0fe45c8b79acaf\" style=\"min-height:208px;aspect-ratio:unset;\"><span aria-hidden=\"true\" class=\"wp-block-cover__background has-nv-light-bg-background-color has-background-dim-100 has-background-dim\"><\/span><div class=\"wp-block-cover__inner-container is-layout-flow wp-block-cover-is-layout-flow\">\n<div style=\"height:100px\" aria-hidden=\"true\" class=\"wp-block-spacer\"><\/div>\n\n\n\n<div class=\"wp-block-columns is-layout-flex wp-container-core-columns-is-layout-9d6595d7 wp-block-columns-is-layout-flex\">\n<div class=\"wp-block-column is-layout-flow wp-block-column-is-layout-flow\">\n<div style=\"height:20px\" aria-hidden=\"true\" class=\"wp-block-spacer\"><\/div>\n<\/div>\n\n\n\n<div class=\"wp-block-column is-vertically-aligned-bottom is-layout-flow wp-block-column-is-layout-flow\">\n<p class=\"has-text-align-right has-nv-dark-bg-color has-text-color has-link-color has-small-font-size wp-elements-ed3c412ec76ed27f18264f27325b6ddf\">SIL-LAB s.r.l. via Mazzini 48, Trezzo sull&#8217;Adda (Milano) &#8211; PI: 04051950964<br>N. Registro Imprese di Milano: 04051950964<br>N\u00b0 REA : MI-1722247 &#8211; C.S.: Euro 10.000,00 i.v.<\/p>\n<\/div>\n<\/div>\n<\/div><\/div>\n","protected":false},"excerpt":{"rendered":"","protected":false},"author":1,"featured_media":0,"parent":0,"menu_order":0,"comment_status":"closed","ping_status":"closed","template":"","meta":{"neve_meta_sidebar":"","neve_meta_container":"","neve_meta_enable_content_width":"on","neve_meta_content_width":100,"neve_meta_title_alignment":"","neve_meta_author_avatar":"","neve_post_elements_order":"","neve_meta_disable_header":"","neve_meta_disable_footer":"","neve_meta_disable_title":"on","footnotes":""},"class_list":["post-8","page","type-page","status-publish","hentry"],"_links":{"self":[{"href":"https:\/\/sil-lab.com\/site\/wp-json\/wp\/v2\/pages\/8","targetHints":{"allow":["GET"]}}],"collection":[{"href":"https:\/\/sil-lab.com\/site\/wp-json\/wp\/v2\/pages"}],"about":[{"href":"https:\/\/sil-lab.com\/site\/wp-json\/wp\/v2\/types\/page"}],"author":[{"embeddable":true,"href":"https:\/\/sil-lab.com\/site\/wp-json\/wp\/v2\/users\/1"}],"replies":[{"embeddable":true,"href":"https:\/\/sil-lab.com\/site\/wp-json\/wp\/v2\/comments?post=8"}],"version-history":[{"count":28,"href":"https:\/\/sil-lab.com\/site\/wp-json\/wp\/v2\/pages\/8\/revisions"}],"predecessor-version":[{"id":324,"href":"https:\/\/sil-lab.com\/site\/wp-json\/wp\/v2\/pages\/8\/revisions\/324"}],"wp:attachment":[{"href":"https:\/\/sil-lab.com\/site\/wp-json\/wp\/v2\/media?parent=8"}],"curies":[{"name":"wp","href":"https:\/\/api.w.org\/{rel}","templated":true}]}}