{"id":223,"date":"2023-11-15T15:09:24","date_gmt":"2023-11-15T14:09:24","guid":{"rendered":"https:\/\/sil-lab.com\/site\/?page_id=223"},"modified":"2023-11-24T17:15:02","modified_gmt":"2023-11-24T16:15:02","slug":"tecnologie","status":"publish","type":"page","link":"https:\/\/sil-lab.com\/site\/tecnologie\/","title":{"rendered":"Tecnologie"},"content":{"rendered":"\n<div class=\"wp-block-group\"><div class=\"wp-block-group__inner-container is-layout-constrained wp-block-group-is-layout-constrained\">\n<div class=\"wp-block-cover alignfull is-light\" style=\"min-height:300px;aspect-ratio:unset;\"><span aria-hidden=\"true\" class=\"wp-block-cover__background has-nv-site-bg-background-color has-background-dim-100 has-background-dim\"><\/span><div class=\"wp-block-cover__inner-container is-layout-flow wp-block-cover-is-layout-flow\">\n<div class=\"wp-block-group\"><div class=\"wp-block-group__inner-container is-layout-flow wp-block-group-is-layout-flow\">\n<h1 class=\"wp-block-heading has-text-align-left has-neve-text-color-color has-text-color\">Tecnologie<\/h1>\n<\/div><\/div>\n<\/div><\/div>\n\n\n\n<p class=\"has-neve-text-color-color has-text-color has-link-color wp-elements-b10a16df72d595184ae35caa82ee91f6\">La ventennale esperienza di SIL-LAB nell&#8217;ambito della visione artificiale, dei sistemi di acquisizione dati e ancor prima nei laboratori di sperimentazione delle societ\u00e0 TRI, Tecno Safety System e CAT99 (Gruppo Tecnosistemi) ha permesso di acquisire competenze e conoscenze relative all&#8217;uso delle tecnologie pi\u00f9 avanzate in svariati ambiti:<\/p>\n\n\n\n<ol class=\"wp-block-list\">\n<li>sistemi di acquisizione immagini in ambito industriale<\/li>\n\n\n\n<li>sistemi di acquisizione dati da strumenti di misura analogici e digitali<\/li>\n\n\n\n<li>sistemi di acquisizione in ambito automotive<\/li>\n\n\n\n<li>sistemi di navigazione inerziale<\/li>\n\n\n\n<li>sistemi di riconoscimento e visione artificiale<\/li>\n\n\n\n<li>modelli predittivi<\/li>\n<\/ol>\n\n\n\n<p class=\"has-neve-text-color-color has-text-color has-link-color wp-elements-ff9b4e560a45e6944b3a235b125e1bbb\">Lo sviluppo software, l&#8217;analisi delle immagini e dei dati si effettuano adottando gli strumenti pi\u00f9 idonei. C++, Python, PHP, JS e dot.NET si alternano in funzione del problema da affrontare, integrando librerie open-source di visione quali OpenCV o librerie commerciali quali MIL di Matrox e Halcon di MvTec.<\/p>\n<\/div><\/div>\n\n\n\n<div style=\"height:37px\" aria-hidden=\"true\" class=\"wp-block-spacer\"><\/div>\n\n\n\n<div class=\"wp-block-cover alignfull is-light\" style=\"min-height:239px;aspect-ratio:unset;\"><span aria-hidden=\"true\" class=\"wp-block-cover__background has-nv-light-bg-background-color has-background-dim-100 has-background-dim\"><\/span><div class=\"wp-block-cover__inner-container is-layout-flow wp-block-cover-is-layout-flow\">\n<div style=\"height:30px\" aria-hidden=\"true\" class=\"wp-block-spacer\"><\/div>\n\n\n\n<p class=\"has-text-align-center\">L&#8217;errore pi\u00f9 grande che si pu\u00f2 compiere nell&#8217;ambito della programmazione \u00e8 utilizzare uno strumento o un linguaggio solo perch\u00e8&#8230; \u00e8 l&#8217;unico che si conosce<\/p>\n\n\n\n<div style=\"height:30px\" aria-hidden=\"true\" class=\"wp-block-spacer\"><\/div>\n<\/div><\/div>\n\n\n\n<div style=\"height:30px\" aria-hidden=\"true\" class=\"wp-block-spacer\"><\/div>\n\n\n\n<div class=\"wp-block-columns is-layout-flex wp-container-core-columns-is-layout-9d6595d7 wp-block-columns-is-layout-flex\">\n<div class=\"wp-block-column is-layout-flow wp-block-column-is-layout-flow\"><div class=\"wp-block-image is-resized icon-style is-style-default\">\n<figure class=\"aligncenter\"><img decoding=\"async\" src=\"https:\/\/sil-lab.com\/site\/wp-content\/themes\/neve\/assets\/img\/starter-content\/icon-03.svg\" alt=\"\"\/><\/figure>\n<\/div>\n\n\n<div style=\"height:20px\" aria-hidden=\"true\" class=\"wp-block-spacer\"><\/div>\n\n\n\n<h3 class=\"wp-block-heading has-text-align-center has-neve-text-color-color has-text-color\">Progetti in-sourcing<\/h3>\n\n\n\n<p class=\"has-text-align-center has-nv-dark-bg-color has-text-color has-link-color wp-elements-d4a9264a8683b1aec9ec0fbe0b715095\">Progetti il cui fine \u00e8 il trasferimento di competenze inerenti la computer vision in ambiti di automazione industriale e non solo.<\/p>\n\n\n\n<div style=\"height:20px\" aria-hidden=\"true\" class=\"wp-block-spacer\"><\/div>\n\n\n\n<div class=\"wp-block-buttons is-content-justification-center is-layout-flex wp-container-core-buttons-is-layout-8057eaf3 wp-block-buttons-is-layout-flex\">\n<div class=\"wp-block-button is-style-primary\"><a class=\"wp-block-button__link wp-element-button\" href=\"https:\/\/sil-lab.com\/site\/progetti-in-sourcing\/\">APPROFONDISCI<\/a><\/div>\n<\/div>\n<\/div>\n\n\n\n<div class=\"wp-block-column is-layout-flow wp-block-column-is-layout-flow\"><div class=\"wp-block-image is-resized icon-style is-style-default\">\n<figure class=\"aligncenter\"><img decoding=\"async\" src=\"https:\/\/sil-lab.com\/site\/wp-content\/themes\/neve\/assets\/img\/starter-content\/icon-02.svg\" alt=\"\"\/><\/figure>\n<\/div>\n\n\n<div style=\"height:20px\" aria-hidden=\"true\" class=\"wp-block-spacer\"><\/div>\n\n\n\n<h3 class=\"wp-block-heading has-text-align-center has-neve-text-color-color has-text-color\">Progetti sperimentali<\/h3>\n\n\n\n<p class=\"has-text-align-center has-neve-text-color-color has-text-color has-link-color wp-elements-dcfb23ceb7c51e3ad94027b8f43084a9\">Progetti volti ad esplorare nuove soluzioni a problemi complessi con l&#8217;utilizzo di tecniche di machine learning e AI.<\/p>\n\n\n\n<div style=\"height:20px\" aria-hidden=\"true\" class=\"wp-block-spacer\"><\/div>\n\n\n\n<div class=\"wp-block-buttons is-content-justification-center is-layout-flex wp-container-core-buttons-is-layout-8057eaf3 wp-block-buttons-is-layout-flex\">\n<div class=\"wp-block-button is-style-primary\"><a class=\"wp-block-button__link wp-element-button\" href=\"https:\/\/sil-lab.com\/site\/progetti-sperimentali\/\">APPROFONDISCI<\/a><\/div>\n<\/div>\n<\/div>\n\n\n\n<div class=\"wp-block-column is-layout-flow wp-block-column-is-layout-flow\"><div class=\"wp-block-image is-resized icon-style is-style-rounded\">\n<figure class=\"aligncenter\"><img decoding=\"async\" src=\"https:\/\/sil-lab.com\/site\/wp-content\/themes\/neve\/assets\/img\/starter-content\/icon-01.svg\" alt=\"\"\/><\/figure>\n<\/div>\n\n\n<div style=\"height:20px\" aria-hidden=\"true\" class=\"wp-block-spacer\"><\/div>\n\n\n\n<h3 class=\"wp-block-heading has-text-align-center has-neve-text-color-color has-text-color\">Education accademy<\/h3>\n\n\n\n<p class=\"has-text-align-center has-neve-text-color-color has-text-color has-link-color wp-elements-f2e22798c119d65b8dcfe2fb8d775070\">Moduli formativi realizzati  per il trasferimento di competenze tecnologiche nei corsi degli Istituti Tecnici Superiori (ISF)<\/p>\n\n\n\n<div style=\"height:20px\" aria-hidden=\"true\" class=\"wp-block-spacer\"><\/div>\n\n\n\n<div class=\"wp-block-buttons is-content-justification-center is-layout-flex wp-container-core-buttons-is-layout-14c487f4 wp-block-buttons-is-layout-flex\">\n<div class=\"wp-block-button is-style-primary\"><a class=\"wp-block-button__link wp-element-button\" href=\"https:\/\/sil-lab.com\/site\/education-accademy\/\">APPROFONDISCI<\/a><\/div>\n<\/div>\n<\/div>\n<\/div>\n\n\n\n<div style=\"height:49px\" aria-hidden=\"true\" class=\"wp-block-spacer\"><\/div>\n\n\n\n<div class=\"wp-block-cover alignfull has-nv-site-bg-color has-text-color has-link-color wp-elements-2f7f249f6a63e64f11785ad7ac62802f\" style=\"min-height:208px;aspect-ratio:unset;\"><span aria-hidden=\"true\" class=\"wp-block-cover__background has-nv-light-bg-background-color has-background-dim-100 has-background-dim\"><\/span><div class=\"wp-block-cover__inner-container is-layout-flow wp-block-cover-is-layout-flow\">\n<div style=\"height:100px\" aria-hidden=\"true\" class=\"wp-block-spacer\"><\/div>\n\n\n\n<div class=\"wp-block-columns is-layout-flex wp-container-core-columns-is-layout-9d6595d7 wp-block-columns-is-layout-flex\">\n<div class=\"wp-block-column is-layout-flow wp-block-column-is-layout-flow\">\n<div style=\"height:20px\" aria-hidden=\"true\" class=\"wp-block-spacer\"><\/div>\n<\/div>\n\n\n\n<div class=\"wp-block-column is-vertically-aligned-bottom is-layout-flow wp-block-column-is-layout-flow\">\n<p class=\"has-text-align-right has-nv-dark-bg-color has-text-color has-link-color has-small-font-size wp-elements-ed3c412ec76ed27f18264f27325b6ddf\">SIL-LAB s.r.l. via Mazzini 48, Trezzo sull&#8217;Adda (Milano) &#8211; PI: 04051950964<br>N. Registro Imprese di Milano: 04051950964<br>N\u00b0 REA : MI-1722247 &#8211; C.S.: Euro 10.000,00 i.v.<\/p>\n<\/div>\n<\/div>\n<\/div><\/div>\n","protected":false},"excerpt":{"rendered":"<p>La ventennale esperienza di SIL-LAB nell&#8217;ambito della visione artificiale, dei sistemi di acquisizione dati e ancor prima nei laboratori di sperimentazione delle societ\u00e0 TRI, Tecno Safety System e CAT99 (Gruppo Tecnosistemi) ha permesso di acquisire competenze e conoscenze relative all&#8217;uso delle tecnologie pi\u00f9 avanzate in svariati ambiti: Lo sviluppo software, l&#8217;analisi delle immagini e dei&hellip;&nbsp;<a href=\"https:\/\/sil-lab.com\/site\/tecnologie\/\" class=\"\" rel=\"bookmark\">Leggi tutto &raquo;<span class=\"screen-reader-text\">Tecnologie<\/span><\/a><\/p>\n","protected":false},"author":1,"featured_media":0,"parent":0,"menu_order":0,"comment_status":"closed","ping_status":"closed","template":"","meta":{"neve_meta_sidebar":"","neve_meta_container":"","neve_meta_enable_content_width":"on","neve_meta_content_width":100,"neve_meta_title_alignment":"","neve_meta_author_avatar":"","neve_post_elements_order":"","neve_meta_disable_header":"","neve_meta_disable_footer":"","neve_meta_disable_title":"on","footnotes":""},"class_list":["post-223","page","type-page","status-publish","hentry"],"_links":{"self":[{"href":"https:\/\/sil-lab.com\/site\/wp-json\/wp\/v2\/pages\/223","targetHints":{"allow":["GET"]}}],"collection":[{"href":"https:\/\/sil-lab.com\/site\/wp-json\/wp\/v2\/pages"}],"about":[{"href":"https:\/\/sil-lab.com\/site\/wp-json\/wp\/v2\/types\/page"}],"author":[{"embeddable":true,"href":"https:\/\/sil-lab.com\/site\/wp-json\/wp\/v2\/users\/1"}],"replies":[{"embeddable":true,"href":"https:\/\/sil-lab.com\/site\/wp-json\/wp\/v2\/comments?post=223"}],"version-history":[{"count":6,"href":"https:\/\/sil-lab.com\/site\/wp-json\/wp\/v2\/pages\/223\/revisions"}],"predecessor-version":[{"id":306,"href":"https:\/\/sil-lab.com\/site\/wp-json\/wp\/v2\/pages\/223\/revisions\/306"}],"wp:attachment":[{"href":"https:\/\/sil-lab.com\/site\/wp-json\/wp\/v2\/media?parent=223"}],"curies":[{"name":"wp","href":"https:\/\/api.w.org\/{rel}","templated":true}]}}